{"id":12,"date":"2020-03-24T17:24:03","date_gmt":"2020-03-24T16:24:03","guid":{"rendered":"http:\/\/localhost:8888\/douce-enfance\/?page_id=2"},"modified":"2024-02-06T02:01:04","modified_gmt":"2024-02-06T01:01:04","slug":"page-d-exemple-2","status":"publish","type":"page","link":"https:\/\/doucenfance66.fr\/","title":{"rendered":"La cr\u00e8che Douc&#039;enfance"},"content":{"rendered":"\t\t<div data-elementor-type=\"wp-page\" data-elementor-id=\"12\" class=\"elementor elementor-12\" data-elementor-settings=\"[]\">\n\t\t\t\t\t\t\t<div class=\"elementor-section-wrap\">\n\t\t\t\t\t\t\t<section class=\"elementor-section elementor-top-section elementor-element elementor-element-e82bfe6 elementor-section-boxed elementor-section-height-default elementor-section-height-default\" data-id=\"e82bfe6\" data-element_type=\"section\">\n\t\t\t\t\t\t<div class=\"elementor-container elementor-column-gap-default\">\n\t\t\t\t\t<div class=\"elementor-column elementor-col-100 elementor-top-column elementor-element elementor-element-689cc99\" data-id=\"689cc99\" data-element_type=\"column\">\n\t\t\t<div class=\"elementor-widget-wrap elementor-element-populated\">\n\t\t\t\t\t\t\t\t<div class=\"elementor-element elementor-element-271df94 elementor-widget elementor-widget-heading\" data-id=\"271df94\" data-element_type=\"widget\" data-widget_type=\"heading.default\">\n\t\t\t\t<div class=\"elementor-widget-container\">\n\t\t\t<h2 class=\"elementor-heading-title elementor-size-default\">Protection de la nature<\/h2>\t\t<\/div>\n\t\t\t\t<\/div>\n\t\t\t\t\t<\/div>\n\t\t<\/div>\n\t\t\t\t\t\t\t<\/div>\n\t\t<\/section>\n\t\t\t\t<section class=\"elementor-section elementor-top-section elementor-element elementor-element-b07a082 elementor-section-boxed elementor-section-height-default elementor-section-height-default\" data-id=\"b07a082\" data-element_type=\"section\">\n\t\t\t\t\t\t<div class=\"elementor-container elementor-column-gap-default\">\n\t\t\t\t\t<div class=\"elementor-column elementor-col-100 elementor-top-column elementor-element elementor-element-94b98e4\" data-id=\"94b98e4\" data-element_type=\"column\">\n\t\t\t<div class=\"elementor-widget-wrap elementor-element-populated\">\n\t\t\t\t\t\t\t\t<div class=\"elementor-element elementor-element-48faead elementor-widget elementor-widget-text-editor\" data-id=\"48faead\" data-element_type=\"widget\" data-widget_type=\"text-editor.default\">\n\t\t\t\t<div class=\"elementor-widget-container\">\n\t\t\t\t\t\t\t\t<div dir=\"ltr\"><strong>Dans le cadre de notre vison\u00a0 sur la protection de la nature et de l&rsquo;environnement, nous utilisons pour l&rsquo;entretien des\u00a0 locaux, des produits \u00e9cologiques sans risques d&rsquo;allergie pour vos enfants et le personnel.<\/strong><\/div><div dir=\"ltr\">\u00a0<\/div><div dir=\"ltr\"><strong>Nous privil\u00e9gions l&rsquo;envoie de vos documents, les factures par\u00a0 email pour \u00e9viter le gaspillage du papier.<\/strong><\/div>\t\t\t\t\t\t<\/div>\n\t\t\t\t<\/div>\n\t\t\t\t\t<\/div>\n\t\t<\/div>\n\t\t\t\t\t\t\t<\/div>\n\t\t<\/section>\n\t\t\t\t<section class=\"elementor-section elementor-top-section elementor-element elementor-element-9ab0434 elementor-section-boxed elementor-section-height-default elementor-section-height-default\" data-id=\"9ab0434\" data-element_type=\"section\">\n\t\t\t\t\t\t<div class=\"elementor-container elementor-column-gap-default\">\n\t\t\t\t\t<div class=\"elementor-column elementor-col-50 elementor-top-column elementor-element elementor-element-5407154\" data-id=\"5407154\" data-element_type=\"column\">\n\t\t\t<div class=\"elementor-widget-wrap elementor-element-populated\">\n\t\t\t\t\t\t\t\t<div class=\"elementor-element elementor-element-d0e0cdd elementor-widget elementor-widget-image\" data-id=\"d0e0cdd\" data-element_type=\"widget\" data-widget_type=\"image.default\">\n\t\t\t\t<div class=\"elementor-widget-container\">\n\t\t\t\t\t\t\t\t\t\t\t\t\t\t\t<img width=\"595\" height=\"842\" src=\"https:\/\/doucenfance66.fr\/wp-content\/uploads\/2021\/06\/LOGO-DOUCENFANCE-final.png\" class=\"attachment-medium_large size-medium_large\" alt=\"\" loading=\"lazy\" srcset=\"https:\/\/doucenfance66.fr\/wp-content\/uploads\/2021\/06\/LOGO-DOUCENFANCE-final.png 595w, https:\/\/doucenfance66.fr\/wp-content\/uploads\/2021\/06\/LOGO-DOUCENFANCE-final-212x300.png 212w\" sizes=\"(max-width: 595px) 100vw, 595px\" \/>\t\t\t\t\t\t\t\t\t\t\t\t\t\t\t<\/div>\n\t\t\t\t<\/div>\n\t\t\t\t\t<\/div>\n\t\t<\/div>\n\t\t\t\t<div class=\"elementor-column elementor-col-50 elementor-top-column elementor-element elementor-element-6c7a6fe\" data-id=\"6c7a6fe\" data-element_type=\"column\">\n\t\t\t<div class=\"elementor-widget-wrap elementor-element-populated\">\n\t\t\t\t\t\t\t\t<div class=\"elementor-element elementor-element-10db0e5 elementor-widget elementor-widget-image\" data-id=\"10db0e5\" data-element_type=\"widget\" data-widget_type=\"image.default\">\n\t\t\t\t<div class=\"elementor-widget-container\">\n\t\t\t\t\t\t\t\t\t\t\t\t\t\t\t\t<a href=\"https:\/\/doucenfance66.fr\/?page_id=113\" target=\"_blank\">\n\t\t\t\t\t\t\t<img width=\"640\" height=\"452\" src=\"https:\/\/doucenfance66.fr\/wp-content\/uploads\/2021\/06\/IMAGE-JOURNE\u0301E-TYPE1.png\" class=\"attachment-large size-large\" alt=\"\" loading=\"lazy\" srcset=\"https:\/\/doucenfance66.fr\/wp-content\/uploads\/2021\/06\/IMAGE-JOURNE\u0301E-TYPE1.png 842w, https:\/\/doucenfance66.fr\/wp-content\/uploads\/2021\/06\/IMAGE-JOURNE\u0301E-TYPE1-300x212.png 300w, https:\/\/doucenfance66.fr\/wp-content\/uploads\/2021\/06\/IMAGE-JOURNE\u0301E-TYPE1-768x543.png 768w\" sizes=\"(max-width: 640px) 100vw, 640px\" \/>\t\t\t\t\t\t\t\t<\/a>\n\t\t\t\t\t\t\t\t\t\t\t\t\t\t\t<\/div>\n\t\t\t\t<\/div>\n\t\t\t\t<div class=\"elementor-element elementor-element-344ce60 elementor-button-danger elementor-align-center elementor-widget elementor-widget-button\" data-id=\"344ce60\" data-element_type=\"widget\" data-widget_type=\"button.default\">\n\t\t\t\t<div class=\"elementor-widget-container\">\n\t\t\t\t\t<div class=\"elementor-button-wrapper\">\n\t\t\t<a href=\"https:\/\/doucenfance66.fr\/?page_id=113\" target=\"_blank\" class=\"elementor-button-link elementor-button elementor-size-sm\" role=\"button\">\n\t\t\t\t\t\t<span class=\"elementor-button-content-wrapper\">\n\t\t\t\t\t\t<span class=\"elementor-button-text\">Une journ\u00e9e type \u00e0 Douc'Enfance 66<\/span>\n\t\t<\/span>\n\t\t\t\t\t<\/a>\n\t\t<\/div>\n\t\t\t\t<\/div>\n\t\t\t\t<\/div>\n\t\t\t\t\t<\/div>\n\t\t<\/div>\n\t\t\t\t\t\t\t<\/div>\n\t\t<\/section>\n\t\t\t\t<section class=\"elementor-section elementor-top-section elementor-element elementor-element-2c493b2 elementor-section-boxed elementor-section-height-default elementor-section-height-default\" data-id=\"2c493b2\" data-element_type=\"section\">\n\t\t\t\t\t\t<div class=\"elementor-container elementor-column-gap-default\">\n\t\t\t\t\t<div class=\"elementor-column elementor-col-100 elementor-top-column elementor-element elementor-element-3809b24\" data-id=\"3809b24\" data-element_type=\"column\">\n\t\t\t<div class=\"elementor-widget-wrap elementor-element-populated\">\n\t\t\t\t\t\t\t\t<div class=\"elementor-element elementor-element-26df2a6 elementor-widget elementor-widget-text-editor\" data-id=\"26df2a6\" data-element_type=\"widget\" data-widget_type=\"text-editor.default\">\n\t\t\t\t<div class=\"elementor-widget-container\">\n\t\t\t\t\t\t\t\t<p>A \u00ab\u00a0Douc&rsquo; Enfance 66\u00a0\u00bb, c&rsquo;est la souplesse dans l&rsquo;accueil individualis\u00e9 de votre enfant dans la bienveillance.<\/p><p>La micro-cr\u00e8che <strong><span style=\"color: #abc71b;\">\u00abDouc&rsquo;Enfance 66\u00bb <\/span><\/strong>a ouvert des ses portes le 21 Mars 2016 \u00e0 Perpignan !<\/p><p>Agr\u00e9\u00e9e par la PMI \/ Conseil G\u00e9n\u00e9ral des Pyr\u00e9n\u00e9es Orientales.<\/p><p>Vous habitez ou travaillez dans la commune de Perpignan ou des Communes Voisines? Bages, Bompas, Toulouges, Thuir, Le Soler, Saint Est\u00e8ve, Canohes, P\u00e9zilla la rivi\u00e8re, Ile sur T\u00eat\u00a0&#8230;.\u00a0Vous pouvez\u00a0pr\u00e9tendre \u00e0 une place dans notre \u00a0micro-cr\u00e8che.<\/p><p><u><strong>Quelques places\u00a0sont r\u00e9serv\u00e9es aux entreprises situ\u00e9es \u00e0 proximit\u00e9 de la structure.<\/strong><\/u><\/p><p>Notre personnel\u00a0qualifi\u00e9 et dipl\u00f4m\u00e9 de la petite enfance\u00a0 sera ravie d&rsquo;accueillir vos enfants, et \u00e0 l&rsquo;\u00e9coute de vos besoins.<\/p><p>Notre professionnalisme dans la bienveillance.<\/p><p><strong><span style=\"color: #ea592e;\">Le plus: Tarif horaire pour inclus les couches + les repas sur commande.<\/span><\/strong><\/p><p>N&rsquo;h\u00e9sitez pas \u00e0 effectuer votre pr\u00e9-inscription et contactez- nous pour plus d&rsquo;informations ou pour une visite de nos locaux.<\/p><p>Conform\u00e9ment au r\u00e9f\u00e9rentiel b\u00e2timentaire, <strong><span style=\"color: #abc71b;\">\u00abDouc&rsquo; Enfance 66\u00bb<\/span><\/strong> propose un accueil collectif limit\u00e9 \u00e0 11 enfants par jour \u00e2g\u00e9s de 10 semaines \u00e0 4 ans, mais aussi individuel et d&rsquo;urgence.<\/p><ul><li><strong><span style=\"color: #ea592e;\">Notre engagement : c&rsquo;est la souplesse \u00a0dans le fonctionnement et la qualit\u00e9 d&rsquo;\u00e9coute.\u00a0<\/span><\/strong><\/li><li>Le local de 104 m2 au rez de chauss\u00e9e est situ\u00e9 dans la zone commerciale bien de s\u00e9curis\u00e9e. Avec un grand espace de vie lumineux et color\u00e9 d\u00e9di\u00e9s \u00e0 l&rsquo;accueil, l&rsquo;\u00e9veil et l&rsquo;\u00e9panouissement de l&rsquo;enfant.<\/li><li><strong><span style=\"color: #abc71b;\">\u00ab\u00a0Douc&rsquo; Enfance 66\u00a0\u00bb c&rsquo;est un cocon de douceur pour vos enfants<\/span><\/strong>.<\/li><li>Situ\u00e9e dans le quartier Ouest de Perpignan sur l&rsquo;axe passant de l&rsquo;avenue Julien Panchot, en direction de Toulouges, sur\u00a0la route de Thuir.<\/li><li><strong><span style=\"color: #ea592e;\">La nouvelle rocade ouest vous permet d&rsquo;y acc\u00e9der tr\u00e8s rapidement.<\/span><\/strong><\/li><li>A 5mn du centre ville, de la nouvelle gare de Perpignan, de la clinique Saint Pierre, et non loin de Formation Sud CCI Perpignan.<\/li><li><strong><span style=\"color: #ea592e;\">La micro-cr\u00e8che\u00a0est ouverte de 07h30 \u00e0 18h30<\/span><\/strong> du lundi au vendredi.<\/li><li>Fermeture annuelle : 1 semaine \u00e0 No\u00ebl et 3 semaines en \u00e9t\u00e9.<\/li><li>2 places de parking priv\u00e9 pour le d\u00e9pose -minute + 1 point de rassemblement<\/li><li>Accessibilit\u00e9 pour les personnes \u00e0 mobilit\u00e9 r\u00e9duite.<\/li><li><span class=\"s1\">Certaines lignes de bus ont un acc\u00e8s direct en face de la micro-cr\u00e8che : consulter ces lignes sur le site du r\u00e9seau de bus.<\/span><\/li><\/ul>\t\t\t\t\t\t<\/div>\n\t\t\t\t<\/div>\n\t\t\t\t\t<\/div>\n\t\t<\/div>\n\t\t\t\t\t\t\t<\/div>\n\t\t<\/section>\n\t\t\t\t<section class=\"elementor-section elementor-top-section elementor-element elementor-element-574d068 elementor-section-boxed elementor-section-height-default elementor-section-height-default\" data-id=\"574d068\" data-element_type=\"section\">\n\t\t\t\t\t\t<div class=\"elementor-container elementor-column-gap-default\">\n\t\t\t\t\t<div class=\"elementor-column elementor-col-100 elementor-top-column elementor-element elementor-element-74665ff\" data-id=\"74665ff\" data-element_type=\"column\">\n\t\t\t<div class=\"elementor-widget-wrap elementor-element-populated\">\n\t\t\t\t\t\t\t\t<div class=\"elementor-element elementor-element-14946a6 elementor-widget elementor-widget-heading\" data-id=\"14946a6\" data-element_type=\"widget\" data-widget_type=\"heading.default\">\n\t\t\t\t<div class=\"elementor-widget-container\">\n\t\t\t<h2 class=\"elementor-heading-title elementor-size-default\">Venez d\u00e9couvrir nos photos ...<\/h2>\t\t<\/div>\n\t\t\t\t<\/div>\n\t\t\t\t\t<\/div>\n\t\t<\/div>\n\t\t\t\t\t\t\t<\/div>\n\t\t<\/section>\n\t\t\t\t<section class=\"elementor-section elementor-top-section elementor-element elementor-element-5a496d0 elementor-section-boxed elementor-section-height-default elementor-section-height-default\" data-id=\"5a496d0\" data-element_type=\"section\">\n\t\t\t\t\t\t<div class=\"elementor-container elementor-column-gap-default\">\n\t\t\t\t\t<div class=\"elementor-column elementor-col-50 elementor-top-column elementor-element elementor-element-061b97e\" data-id=\"061b97e\" data-element_type=\"column\">\n\t\t\t<div class=\"elementor-widget-wrap elementor-element-populated\">\n\t\t\t\t\t\t\t\t<div class=\"elementor-element elementor-element-f15fc32 elementor-widget elementor-widget-image\" data-id=\"f15fc32\" data-element_type=\"widget\" data-widget_type=\"image.default\">\n\t\t\t\t<div class=\"elementor-widget-container\">\n\t\t\t\t\t\t\t\t\t\t\t\t\t\t\t\t<a href=\"https:\/\/doucenfance66.fr\/?page_id=121\" target=\"_blank\">\n\t\t\t\t\t\t\t<img width=\"640\" height=\"461\" src=\"https:\/\/doucenfance66.fr\/wp-content\/uploads\/2021\/06\/IMG_1118-1024x737.jpg\" class=\"attachment-large size-large\" alt=\"\" loading=\"lazy\" srcset=\"https:\/\/doucenfance66.fr\/wp-content\/uploads\/2021\/06\/IMG_1118-1024x737.jpg 1024w, https:\/\/doucenfance66.fr\/wp-content\/uploads\/2021\/06\/IMG_1118-300x216.jpg 300w, https:\/\/doucenfance66.fr\/wp-content\/uploads\/2021\/06\/IMG_1118-768x553.jpg 768w, https:\/\/doucenfance66.fr\/wp-content\/uploads\/2021\/06\/IMG_1118-1536x1106.jpg 1536w, https:\/\/doucenfance66.fr\/wp-content\/uploads\/2021\/06\/IMG_1118-2048x1474.jpg 2048w\" sizes=\"(max-width: 640px) 100vw, 640px\" \/>\t\t\t\t\t\t\t\t<\/a>\n\t\t\t\t\t\t\t\t\t\t\t\t\t\t\t<\/div>\n\t\t\t\t<\/div>\n\t\t\t\t\t<\/div>\n\t\t<\/div>\n\t\t\t\t<div class=\"elementor-column elementor-col-50 elementor-top-column elementor-element elementor-element-6651927\" data-id=\"6651927\" data-element_type=\"column\">\n\t\t\t<div class=\"elementor-widget-wrap elementor-element-populated\">\n\t\t\t\t\t\t\t\t<div class=\"elementor-element elementor-element-650ca9e elementor-widget elementor-widget-image\" data-id=\"650ca9e\" data-element_type=\"widget\" data-widget_type=\"image.default\">\n\t\t\t\t<div class=\"elementor-widget-container\">\n\t\t\t\t\t\t\t\t\t\t\t\t\t\t\t\t<a href=\"https:\/\/doucenfance66.fr\/?page_id=121\" target=\"_blank\">\n\t\t\t\t\t\t\t<img width=\"640\" height=\"480\" src=\"https:\/\/doucenfance66.fr\/wp-content\/uploads\/2021\/06\/eveil-musical-1024x768.jpg\" class=\"attachment-large size-large\" alt=\"\" loading=\"lazy\" srcset=\"https:\/\/doucenfance66.fr\/wp-content\/uploads\/2021\/06\/eveil-musical-1024x768.jpg 1024w, https:\/\/doucenfance66.fr\/wp-content\/uploads\/2021\/06\/eveil-musical-300x225.jpg 300w, https:\/\/doucenfance66.fr\/wp-content\/uploads\/2021\/06\/eveil-musical-768x576.jpg 768w, https:\/\/doucenfance66.fr\/wp-content\/uploads\/2021\/06\/eveil-musical-1536x1152.jpg 1536w, https:\/\/doucenfance66.fr\/wp-content\/uploads\/2021\/06\/eveil-musical-2048x1536.jpg 2048w\" sizes=\"(max-width: 640px) 100vw, 640px\" \/>\t\t\t\t\t\t\t\t<\/a>\n\t\t\t\t\t\t\t\t\t\t\t\t\t\t\t<\/div>\n\t\t\t\t<\/div>\n\t\t\t\t\t<\/div>\n\t\t<\/div>\n\t\t\t\t\t\t\t<\/div>\n\t\t<\/section>\n\t\t\t\t<section class=\"elementor-section elementor-top-section elementor-element elementor-element-1582d77 elementor-section-boxed elementor-section-height-default elementor-section-height-default\" data-id=\"1582d77\" data-element_type=\"section\">\n\t\t\t\t\t\t<div class=\"elementor-container elementor-column-gap-default\">\n\t\t\t\t\t<div class=\"elementor-column elementor-col-50 elementor-top-column elementor-element elementor-element-6c7e571\" data-id=\"6c7e571\" data-element_type=\"column\">\n\t\t\t<div class=\"elementor-widget-wrap elementor-element-populated\">\n\t\t\t\t\t\t\t\t<div class=\"elementor-element elementor-element-12df613 elementor-widget elementor-widget-text-editor\" data-id=\"12df613\" data-element_type=\"widget\" data-widget_type=\"text-editor.default\">\n\t\t\t\t<div class=\"elementor-widget-container\">\n\t\t\t\t\t\t\t\t<p><em><strong>Les pr\u00e9- inscriptions sont possibles tout au long de l&rsquo;ann\u00e9e.<\/strong><\/em><\/p>\t\t\t\t\t\t<\/div>\n\t\t\t\t<\/div>\n\t\t\t\t\t<\/div>\n\t\t<\/div>\n\t\t\t\t<div class=\"elementor-column elementor-col-50 elementor-top-column elementor-element elementor-element-19d638c\" data-id=\"19d638c\" data-element_type=\"column\">\n\t\t\t<div class=\"elementor-widget-wrap elementor-element-populated\">\n\t\t\t\t\t\t\t\t<div class=\"elementor-element elementor-element-9136ddc elementor-widget elementor-widget-google_maps\" data-id=\"9136ddc\" data-element_type=\"widget\" data-widget_type=\"google_maps.default\">\n\t\t\t\t<div class=\"elementor-widget-container\">\n\t\t\t\t\t<div class=\"elementor-custom-embed\">\n\t\t\t<iframe frameborder=\"0\" scrolling=\"no\" marginheight=\"0\" marginwidth=\"0\" src=\"https:\/\/maps.google.com\/maps?q=1415%20Avenue%20Julien%20Panchot%2066000%20PERPIGNAN&amp;t=m&amp;z=15&amp;output=embed&amp;iwloc=near\" title=\"%3$s\" aria-label=\"%3$s\"><\/iframe>\n\t\t<\/div>\n\t\t\t\t<\/div>\n\t\t\t\t<\/div>\n\t\t\t\t\t<\/div>\n\t\t<\/div>\n\t\t\t\t\t\t\t<\/div>\n\t\t<\/section>\n\t\t\t\t<section class=\"elementor-section elementor-top-section elementor-element elementor-element-e34edac elementor-section-boxed elementor-section-height-default elementor-section-height-default\" data-id=\"e34edac\" data-element_type=\"section\">\n\t\t\t\t\t\t<div class=\"elementor-container elementor-column-gap-default\">\n\t\t\t\t\t<div class=\"elementor-column elementor-col-50 elementor-top-column elementor-element elementor-element-addc3eb\" data-id=\"addc3eb\" data-element_type=\"column\">\n\t\t\t<div class=\"elementor-widget-wrap elementor-element-populated\">\n\t\t\t\t\t\t\t\t<div class=\"elementor-element elementor-element-281177d elementor-align-center elementor-widget elementor-widget-button\" data-id=\"281177d\" data-element_type=\"widget\" data-widget_type=\"button.default\">\n\t\t\t\t<div class=\"elementor-widget-container\">\n\t\t\t\t\t<div class=\"elementor-button-wrapper\">\n\t\t\t<a href=\"https:\/\/doucenfance66.fr\/?page_id=17\" class=\"elementor-button-link elementor-button elementor-size-lg\" role=\"button\">\n\t\t\t\t\t\t<span class=\"elementor-button-content-wrapper\">\n\t\t\t\t\t\t<span class=\"elementor-button-icon elementor-align-icon-left\">\n\t\t\t\t<i aria-hidden=\"true\" class=\"far fa-file-alt\"><\/i>\t\t\t<\/span>\n\t\t\t\t\t\t<span class=\"elementor-button-text\">Venez vous inscrire<\/span>\n\t\t<\/span>\n\t\t\t\t\t<\/a>\n\t\t<\/div>\n\t\t\t\t<\/div>\n\t\t\t\t<\/div>\n\t\t\t\t\t<\/div>\n\t\t<\/div>\n\t\t\t\t<div class=\"elementor-column elementor-col-50 elementor-top-column elementor-element elementor-element-6872d84\" data-id=\"6872d84\" data-element_type=\"column\">\n\t\t\t<div class=\"elementor-widget-wrap elementor-element-populated\">\n\t\t\t\t\t\t\t\t<div class=\"elementor-element elementor-element-1e5de2b elementor-widget elementor-widget-heading\" data-id=\"1e5de2b\" data-element_type=\"widget\" data-widget_type=\"heading.default\">\n\t\t\t\t<div class=\"elementor-widget-container\">\n\t\t\t<h2 class=\"elementor-heading-title elementor-size-default\">Contacter nous par mail : contact@doucenfance66.fr\n\nOu par t\u00e9l\u00e9phone :\n06 45 73 51 31<\/h2>\t\t<\/div>\n\t\t\t\t<\/div>\n\t\t\t\t\t<\/div>\n\t\t<\/div>\n\t\t\t\t\t\t\t<\/div>\n\t\t<\/section>\n\t\t\t\t\t\t<\/div>\n\t\t\t\t\t<\/div>\n\t\t","protected":false},"excerpt":{"rendered":"<p>Protection de la nature Dans le cadre de notre vison\u00a0 sur la protection de la nature et de l&rsquo;environnement, nous utilisons pour l&rsquo;entretien des\u00a0 locaux, des produits \u00e9cologiques sans risques d&rsquo;allergie pour vos enfants et le personnel.\u00a0Nous privil\u00e9gions l&rsquo;envoie de vos documents, les factures par\u00a0 email pour \u00e9viter le gaspillage du papier. Une journ\u00e9e type&#8230;<\/p>\n","protected":false},"author":1,"featured_media":0,"parent":0,"menu_order":0,"comment_status":"closed","ping_status":"open","template":"elementor_header_footer","meta":[],"yoast_head":"<!-- This site is optimized with the Yoast SEO plugin v16.5 - https:\/\/yoast.com\/wordpress\/plugins\/seo\/ -->\n<title>La cr\u00e8che Douc&#039;enfance - Douc&#039;Enfance 66<\/title>\n<meta name=\"robots\" content=\"index, follow, max-snippet:-1, max-image-preview:large, max-video-preview:-1\" \/>\n<link rel=\"canonical\" href=\"https:\/\/doucenfance66.fr\/\" \/>\n<meta property=\"og:locale\" content=\"fr_FR\" \/>\n<meta property=\"og:type\" content=\"article\" \/>\n<meta property=\"og:title\" content=\"La cr\u00e8che Douc&#039;enfance - Douc&#039;Enfance 66\" \/>\n<meta property=\"og:description\" content=\"Protection de la nature Dans le cadre de notre vison\u00a0 sur la protection de la nature et de l&rsquo;environnement, nous utilisons pour l&rsquo;entretien des\u00a0 locaux, des produits \u00e9cologiques sans risques d&rsquo;allergie pour vos enfants et le personnel.\u00a0Nous privil\u00e9gions l&rsquo;envoie de vos documents, les factures par\u00a0 email pour \u00e9viter le gaspillage du papier. Une journ\u00e9e type...\" \/>\n<meta property=\"og:url\" content=\"https:\/\/doucenfance66.fr\/\" \/>\n<meta property=\"og:site_name\" content=\"Douc&#039;Enfance 66\" \/>\n<meta property=\"article:publisher\" content=\"https:\/\/www.facebook.com\/profile.php?id=100057252527513\" \/>\n<meta property=\"article:modified_time\" content=\"2024-02-06T01:01:04+00:00\" \/>\n<meta property=\"og:image\" content=\"https:\/\/doucenfance66.fr\/wp-content\/uploads\/2021\/06\/LOGO-DOUCENFANCE-final.png\" \/>\n<meta name=\"twitter:card\" content=\"summary_large_image\" \/>\n<meta name=\"twitter:label1\" content=\"Dur\u00e9e de lecture est.\" \/>\n\t<meta name=\"twitter:data1\" content=\"3 minutes\" \/>\n<script type=\"application\/ld+json\" class=\"yoast-schema-graph\">{\"@context\":\"https:\/\/schema.org\",\"@graph\":[{\"@type\":\"WebSite\",\"@id\":\"https:\/\/doucenfance66.fr\/#website\",\"url\":\"https:\/\/doucenfance66.fr\/\",\"name\":\"Douc&#039;Enfance 66\",\"description\":\"\",\"potentialAction\":[{\"@type\":\"SearchAction\",\"target\":\"https:\/\/doucenfance66.fr\/?s={search_term_string}\",\"query-input\":\"required name=search_term_string\"}],\"inLanguage\":\"fr-FR\"},{\"@type\":\"ImageObject\",\"@id\":\"https:\/\/doucenfance66.fr\/#primaryimage\",\"inLanguage\":\"fr-FR\",\"url\":\"https:\/\/doucenfance66.fr\/wp-content\/uploads\/2021\/06\/LOGO-DOUCENFANCE-final.png\",\"contentUrl\":\"https:\/\/doucenfance66.fr\/wp-content\/uploads\/2021\/06\/LOGO-DOUCENFANCE-final.png\",\"width\":595,\"height\":842},{\"@type\":\"WebPage\",\"@id\":\"https:\/\/doucenfance66.fr\/#webpage\",\"url\":\"https:\/\/doucenfance66.fr\/\",\"name\":\"La cr\\u00e8che Douc&#039;enfance - Douc&#039;Enfance 66\",\"isPartOf\":{\"@id\":\"https:\/\/doucenfance66.fr\/#website\"},\"primaryImageOfPage\":{\"@id\":\"https:\/\/doucenfance66.fr\/#primaryimage\"},\"datePublished\":\"2020-03-24T16:24:03+00:00\",\"dateModified\":\"2024-02-06T01:01:04+00:00\",\"breadcrumb\":{\"@id\":\"https:\/\/doucenfance66.fr\/#breadcrumb\"},\"inLanguage\":\"fr-FR\",\"potentialAction\":[{\"@type\":\"ReadAction\",\"target\":[\"https:\/\/doucenfance66.fr\/\"]}]},{\"@type\":\"BreadcrumbList\",\"@id\":\"https:\/\/doucenfance66.fr\/#breadcrumb\",\"itemListElement\":[{\"@type\":\"ListItem\",\"position\":1,\"name\":\"Accueil\",\"item\":\"https:\/\/doucenfance66.fr\/\"},{\"@type\":\"ListItem\",\"position\":2,\"name\":\"La cr\\u00e8che Douc&#039;enfance\"}]}]}<\/script>\n<!-- \/ Yoast SEO plugin. -->","_links":{"self":[{"href":"https:\/\/doucenfance66.fr\/index.php?rest_route=\/wp\/v2\/pages\/12"}],"collection":[{"href":"https:\/\/doucenfance66.fr\/index.php?rest_route=\/wp\/v2\/pages"}],"about":[{"href":"https:\/\/doucenfance66.fr\/index.php?rest_route=\/wp\/v2\/types\/page"}],"author":[{"embeddable":true,"href":"https:\/\/doucenfance66.fr\/index.php?rest_route=\/wp\/v2\/users\/1"}],"replies":[{"embeddable":true,"href":"https:\/\/doucenfance66.fr\/index.php?rest_route=%2Fwp%2Fv2%2Fcomments&post=12"}],"version-history":[{"count":30,"href":"https:\/\/doucenfance66.fr\/index.php?rest_route=\/wp\/v2\/pages\/12\/revisions"}],"predecessor-version":[{"id":672,"href":"https:\/\/doucenfance66.fr\/index.php?rest_route=\/wp\/v2\/pages\/12\/revisions\/672"}],"wp:attachment":[{"href":"https:\/\/doucenfance66.fr\/index.php?rest_route=%2Fwp%2Fv2%2Fmedia&parent=12"}],"curies":[{"name":"wp","href":"https:\/\/api.w.org\/{rel}","templated":true}]}}