{"id":121,"date":"2020-04-17T17:59:41","date_gmt":"2020-04-17T15:59:41","guid":{"rendered":"http:\/\/localhost:8888\/douce-enfance\/?page_id=121"},"modified":"2025-05-16T02:07:58","modified_gmt":"2025-05-16T00:07:58","slug":"photos-2","status":"publish","type":"page","link":"https:\/\/doucenfance66.fr\/?page_id=121","title":{"rendered":"Photos"},"content":{"rendered":"\t\t<div data-elementor-type=\"wp-page\" data-elementor-id=\"121\" class=\"elementor elementor-121\" data-elementor-settings=\"[]\">\n\t\t\t\t\t\t\t<div class=\"elementor-section-wrap\">\n\t\t\t\t\t\t\t<section class=\"elementor-section elementor-top-section elementor-element elementor-element-d5bbdec elementor-section-boxed elementor-section-height-default elementor-section-height-default\" data-id=\"d5bbdec\" data-element_type=\"section\">\n\t\t\t\t\t\t<div class=\"elementor-container elementor-column-gap-default\">\n\t\t\t\t\t<div class=\"elementor-column elementor-col-100 elementor-top-column elementor-element elementor-element-f3fc906\" data-id=\"f3fc906\" data-element_type=\"column\">\n\t\t\t<div class=\"elementor-widget-wrap elementor-element-populated\">\n\t\t\t\t\t\t\t\t<div class=\"elementor-element elementor-element-feac6fb elementor-widget elementor-widget-heading\" data-id=\"feac6fb\" data-element_type=\"widget\" data-widget_type=\"heading.default\">\n\t\t\t\t<div class=\"elementor-widget-container\">\n\t\t\t<h2 class=\"elementor-heading-title elementor-size-default\">Activit\u00e9 motricit\u00e9 fine<\/h2>\t\t<\/div>\n\t\t\t\t<\/div>\n\t\t\t\t\t<\/div>\n\t\t<\/div>\n\t\t\t\t\t\t\t<\/div>\n\t\t<\/section>\n\t\t\t\t<section class=\"elementor-section elementor-top-section elementor-element elementor-element-53a388b elementor-section-boxed elementor-section-height-default elementor-section-height-default\" data-id=\"53a388b\" data-element_type=\"section\">\n\t\t\t\t\t\t<div class=\"elementor-container elementor-column-gap-default\">\n\t\t\t\t\t<div class=\"elementor-column elementor-col-33 elementor-top-column elementor-element elementor-element-f4aba4b\" data-id=\"f4aba4b\" data-element_type=\"column\">\n\t\t\t<div class=\"elementor-widget-wrap elementor-element-populated\">\n\t\t\t\t\t\t\t\t<div class=\"elementor-element elementor-element-aa1f95e elementor-widget elementor-widget-image\" data-id=\"aa1f95e\" data-element_type=\"widget\" data-widget_type=\"image.default\">\n\t\t\t\t<div class=\"elementor-widget-container\">\n\t\t\t\t\t\t\t\t\t\t\t\t\t\t\t<img width=\"300\" height=\"300\" src=\"https:\/\/doucenfance66.fr\/wp-content\/uploads\/2021\/06\/bonjour-langage-des-signes-300x300.jpg\" class=\"elementor-animation-pulse-grow attachment-kids-education-gallery-section-small size-kids-education-gallery-section-small\" alt=\"\" loading=\"lazy\" srcset=\"https:\/\/doucenfance66.fr\/wp-content\/uploads\/2021\/06\/bonjour-langage-des-signes-300x300.jpg 300w, https:\/\/doucenfance66.fr\/wp-content\/uploads\/2021\/06\/bonjour-langage-des-signes-150x150.jpg 150w\" sizes=\"(max-width: 300px) 100vw, 300px\" \/>\t\t\t\t\t\t\t\t\t\t\t\t\t\t\t<\/div>\n\t\t\t\t<\/div>\n\t\t\t\t\t<\/div>\n\t\t<\/div>\n\t\t\t\t<div class=\"elementor-column elementor-col-33 elementor-top-column elementor-element elementor-element-a9ffc21\" data-id=\"a9ffc21\" data-element_type=\"column\">\n\t\t\t<div class=\"elementor-widget-wrap elementor-element-populated\">\n\t\t\t\t\t\t\t\t<div class=\"elementor-element elementor-element-7da8730 elementor-widget elementor-widget-image\" data-id=\"7da8730\" data-element_type=\"widget\" data-widget_type=\"image.default\">\n\t\t\t\t<div class=\"elementor-widget-container\">\n\t\t\t\t\t\t\t\t\t\t\t\t\t\t\t<img width=\"300\" height=\"300\" src=\"https:\/\/doucenfance66.fr\/wp-content\/uploads\/2021\/06\/IMG_1118-300x300.jpg\" class=\"elementor-animation-pulse-grow attachment-kids-education-gallery-section-small size-kids-education-gallery-section-small\" alt=\"\" loading=\"lazy\" srcset=\"https:\/\/doucenfance66.fr\/wp-content\/uploads\/2021\/06\/IMG_1118-300x300.jpg 300w, https:\/\/doucenfance66.fr\/wp-content\/uploads\/2021\/06\/IMG_1118-150x150.jpg 150w\" sizes=\"(max-width: 300px) 100vw, 300px\" \/>\t\t\t\t\t\t\t\t\t\t\t\t\t\t\t<\/div>\n\t\t\t\t<\/div>\n\t\t\t\t\t<\/div>\n\t\t<\/div>\n\t\t\t\t<div class=\"elementor-column elementor-col-33 elementor-top-column elementor-element elementor-element-f76c135\" data-id=\"f76c135\" data-element_type=\"column\">\n\t\t\t<div class=\"elementor-widget-wrap elementor-element-populated\">\n\t\t\t\t\t\t\t\t<div class=\"elementor-element elementor-element-3e54b17 elementor-widget elementor-widget-image\" data-id=\"3e54b17\" data-element_type=\"widget\" data-widget_type=\"image.default\">\n\t\t\t\t<div class=\"elementor-widget-container\">\n\t\t\t\t\t\t\t\t\t\t\t\t\t\t\t<img width=\"300\" height=\"300\" src=\"https:\/\/doucenfance66.fr\/wp-content\/uploads\/2023\/08\/thumbnail-300x300.jpeg\" class=\"elementor-animation-pulse-grow attachment-kids-education-gallery-section-small size-kids-education-gallery-section-small\" alt=\"\" loading=\"lazy\" srcset=\"https:\/\/doucenfance66.fr\/wp-content\/uploads\/2023\/08\/thumbnail-300x300.jpeg 300w, https:\/\/doucenfance66.fr\/wp-content\/uploads\/2023\/08\/thumbnail-150x150.jpeg 150w\" sizes=\"(max-width: 300px) 100vw, 300px\" \/>\t\t\t\t\t\t\t\t\t\t\t\t\t\t\t<\/div>\n\t\t\t\t<\/div>\n\t\t\t\t\t<\/div>\n\t\t<\/div>\n\t\t\t\t\t\t\t<\/div>\n\t\t<\/section>\n\t\t\t\t<section class=\"elementor-section elementor-top-section elementor-element elementor-element-96f05f6 elementor-section-boxed elementor-section-height-default elementor-section-height-default\" data-id=\"96f05f6\" data-element_type=\"section\">\n\t\t\t\t\t\t<div class=\"elementor-container elementor-column-gap-default\">\n\t\t\t\t\t<div class=\"elementor-column elementor-col-100 elementor-top-column elementor-element elementor-element-18f24a1\" data-id=\"18f24a1\" data-element_type=\"column\">\n\t\t\t<div class=\"elementor-widget-wrap elementor-element-populated\">\n\t\t\t\t\t\t\t\t<div class=\"elementor-element elementor-element-e07488d elementor-widget elementor-widget-heading\" data-id=\"e07488d\" data-element_type=\"widget\" data-widget_type=\"heading.default\">\n\t\t\t\t<div class=\"elementor-widget-container\">\n\t\t\t<h2 class=\"elementor-heading-title elementor-size-default\">Activit\u00e9 \u00e9veil musical<\/h2>\t\t<\/div>\n\t\t\t\t<\/div>\n\t\t\t\t\t<\/div>\n\t\t<\/div>\n\t\t\t\t\t\t\t<\/div>\n\t\t<\/section>\n\t\t\t\t<section class=\"elementor-section elementor-top-section elementor-element elementor-element-1894c5c elementor-section-boxed elementor-section-height-default elementor-section-height-default\" data-id=\"1894c5c\" data-element_type=\"section\">\n\t\t\t\t\t\t<div class=\"elementor-container elementor-column-gap-default\">\n\t\t\t\t\t<div class=\"elementor-column elementor-col-50 elementor-top-column elementor-element elementor-element-a38d12b\" data-id=\"a38d12b\" data-element_type=\"column\">\n\t\t\t<div class=\"elementor-widget-wrap elementor-element-populated\">\n\t\t\t\t\t\t\t\t<div class=\"elementor-element elementor-element-4ce9803 elementor-widget elementor-widget-image\" data-id=\"4ce9803\" data-element_type=\"widget\" data-widget_type=\"image.default\">\n\t\t\t\t<div class=\"elementor-widget-container\">\n\t\t\t\t\t\t\t\t\t\t\t\t\t\t\t<img width=\"150\" height=\"150\" src=\"https:\/\/doucenfance66.fr\/wp-content\/uploads\/2023\/08\/IMG_3448-150x150.jpg\" class=\"elementor-animation-pulse-grow attachment-thumbnail size-thumbnail\" alt=\"\" loading=\"lazy\" srcset=\"https:\/\/doucenfance66.fr\/wp-content\/uploads\/2023\/08\/IMG_3448-150x150.jpg 150w, https:\/\/doucenfance66.fr\/wp-content\/uploads\/2023\/08\/IMG_3448-300x300.jpg 300w\" sizes=\"(max-width: 150px) 100vw, 150px\" \/>\t\t\t\t\t\t\t\t\t\t\t\t\t\t\t<\/div>\n\t\t\t\t<\/div>\n\t\t\t\t\t<\/div>\n\t\t<\/div>\n\t\t\t\t<div class=\"elementor-column elementor-col-50 elementor-top-column elementor-element elementor-element-f4a1849\" data-id=\"f4a1849\" data-element_type=\"column\">\n\t\t\t<div class=\"elementor-widget-wrap elementor-element-populated\">\n\t\t\t\t\t\t\t\t<div class=\"elementor-element elementor-element-5007865 elementor-widget elementor-widget-image\" data-id=\"5007865\" data-element_type=\"widget\" data-widget_type=\"image.default\">\n\t\t\t\t<div class=\"elementor-widget-container\">\n\t\t\t\t\t\t\t\t\t\t\t\t\t\t\t<img width=\"300\" height=\"300\" src=\"https:\/\/doucenfance66.fr\/wp-content\/uploads\/2021\/06\/IMG_E8641-300x300.jpg\" class=\"elementor-animation-pulse-grow attachment-kids-education-gallery-section-small size-kids-education-gallery-section-small\" alt=\"\" loading=\"lazy\" srcset=\"https:\/\/doucenfance66.fr\/wp-content\/uploads\/2021\/06\/IMG_E8641-300x300.jpg 300w, https:\/\/doucenfance66.fr\/wp-content\/uploads\/2021\/06\/IMG_E8641-150x150.jpg 150w\" sizes=\"(max-width: 300px) 100vw, 300px\" \/>\t\t\t\t\t\t\t\t\t\t\t\t\t\t\t<\/div>\n\t\t\t\t<\/div>\n\t\t\t\t\t<\/div>\n\t\t<\/div>\n\t\t\t\t\t\t\t<\/div>\n\t\t<\/section>\n\t\t\t\t<section class=\"elementor-section elementor-top-section elementor-element elementor-element-fceaf58 elementor-section-boxed elementor-section-height-default elementor-section-height-default\" data-id=\"fceaf58\" data-element_type=\"section\">\n\t\t\t\t\t\t<div class=\"elementor-container elementor-column-gap-default\">\n\t\t\t\t\t<div class=\"elementor-column elementor-col-50 elementor-top-column elementor-element elementor-element-b7e7cbd\" data-id=\"b7e7cbd\" data-element_type=\"column\">\n\t\t\t<div class=\"elementor-widget-wrap elementor-element-populated\">\n\t\t\t\t\t\t\t\t<div class=\"elementor-element elementor-element-ad6cf31 elementor-widget elementor-widget-image\" data-id=\"ad6cf31\" data-element_type=\"widget\" data-widget_type=\"image.default\">\n\t\t\t\t<div class=\"elementor-widget-container\">\n\t\t\t\t\t\t\t\t\t\t\t\t\t\t\t<img width=\"300\" height=\"300\" src=\"https:\/\/doucenfance66.fr\/wp-content\/uploads\/2021\/06\/eveil-musical-300x300.jpg\" class=\"elementor-animation-pulse-grow attachment-kids-education-gallery-section-small size-kids-education-gallery-section-small\" alt=\"\" loading=\"lazy\" srcset=\"https:\/\/doucenfance66.fr\/wp-content\/uploads\/2021\/06\/eveil-musical-300x300.jpg 300w, https:\/\/doucenfance66.fr\/wp-content\/uploads\/2021\/06\/eveil-musical-150x150.jpg 150w\" sizes=\"(max-width: 300px) 100vw, 300px\" \/>\t\t\t\t\t\t\t\t\t\t\t\t\t\t\t<\/div>\n\t\t\t\t<\/div>\n\t\t\t\t\t<\/div>\n\t\t<\/div>\n\t\t\t\t<div class=\"elementor-column elementor-col-50 elementor-top-column elementor-element elementor-element-9526c1b\" data-id=\"9526c1b\" data-element_type=\"column\">\n\t\t\t<div class=\"elementor-widget-wrap elementor-element-populated\">\n\t\t\t\t\t\t\t\t<div class=\"elementor-element elementor-element-3f03489 elementor-widget elementor-widget-image\" data-id=\"3f03489\" data-element_type=\"widget\" data-widget_type=\"image.default\">\n\t\t\t\t<div class=\"elementor-widget-container\">\n\t\t\t\t\t\t\t\t\t\t\t\t\t\t\t<img width=\"300\" height=\"300\" src=\"https:\/\/doucenfance66.fr\/wp-content\/uploads\/2021\/06\/IMG_1154-300x300.jpg\" class=\"elementor-animation-pulse-grow attachment-kids-education-gallery-section-small size-kids-education-gallery-section-small\" alt=\"\" loading=\"lazy\" srcset=\"https:\/\/doucenfance66.fr\/wp-content\/uploads\/2021\/06\/IMG_1154-300x300.jpg 300w, https:\/\/doucenfance66.fr\/wp-content\/uploads\/2021\/06\/IMG_1154-150x150.jpg 150w\" sizes=\"(max-width: 300px) 100vw, 300px\" \/>\t\t\t\t\t\t\t\t\t\t\t\t\t\t\t<\/div>\n\t\t\t\t<\/div>\n\t\t\t\t\t<\/div>\n\t\t<\/div>\n\t\t\t\t\t\t\t<\/div>\n\t\t<\/section>\n\t\t\t\t<section class=\"elementor-section elementor-top-section elementor-element elementor-element-c7ef033 elementor-section-boxed elementor-section-height-default elementor-section-height-default\" data-id=\"c7ef033\" data-element_type=\"section\">\n\t\t\t\t\t\t<div class=\"elementor-container elementor-column-gap-default\">\n\t\t\t\t\t<div class=\"elementor-column elementor-col-100 elementor-top-column elementor-element elementor-element-a941a22\" data-id=\"a941a22\" data-element_type=\"column\">\n\t\t\t<div class=\"elementor-widget-wrap elementor-element-populated\">\n\t\t\t\t\t\t\t\t<div class=\"elementor-element elementor-element-183b54e elementor-widget elementor-widget-heading\" data-id=\"183b54e\" data-element_type=\"widget\" data-widget_type=\"heading.default\">\n\t\t\t\t<div class=\"elementor-widget-container\">\n\t\t\t<h2 class=\"elementor-heading-title elementor-size-default\">Panel d'activit\u00e9s : Lecture, peintures, sortie, \u00e9veil des sens...<\/h2>\t\t<\/div>\n\t\t\t\t<\/div>\n\t\t\t\t\t<\/div>\n\t\t<\/div>\n\t\t\t\t\t\t\t<\/div>\n\t\t<\/section>\n\t\t\t\t<section class=\"elementor-section elementor-top-section elementor-element elementor-element-0643479 elementor-section-boxed elementor-section-height-default elementor-section-height-default\" data-id=\"0643479\" data-element_type=\"section\">\n\t\t\t\t\t\t<div class=\"elementor-container elementor-column-gap-default\">\n\t\t\t\t\t<div class=\"elementor-column elementor-col-50 elementor-top-column elementor-element elementor-element-eed1161\" data-id=\"eed1161\" data-element_type=\"column\">\n\t\t\t<div class=\"elementor-widget-wrap elementor-element-populated\">\n\t\t\t\t\t\t\t\t<div class=\"elementor-element elementor-element-536cb86 elementor-widget elementor-widget-image\" data-id=\"536cb86\" data-element_type=\"widget\" data-widget_type=\"image.default\">\n\t\t\t\t<div class=\"elementor-widget-container\">\n\t\t\t\t\t\t\t\t\t\t\t\t\t\t\t<img width=\"300\" height=\"300\" src=\"https:\/\/doucenfance66.fr\/wp-content\/uploads\/2023\/08\/IMG_9585-2-300x300.jpg\" class=\"elementor-animation-pulse-grow attachment-kids-education-gallery-section-small size-kids-education-gallery-section-small\" alt=\"\" loading=\"lazy\" srcset=\"https:\/\/doucenfance66.fr\/wp-content\/uploads\/2023\/08\/IMG_9585-2-300x300.jpg 300w, https:\/\/doucenfance66.fr\/wp-content\/uploads\/2023\/08\/IMG_9585-2-150x150.jpg 150w\" sizes=\"(max-width: 300px) 100vw, 300px\" \/>\t\t\t\t\t\t\t\t\t\t\t\t\t\t\t<\/div>\n\t\t\t\t<\/div>\n\t\t\t\t\t<\/div>\n\t\t<\/div>\n\t\t\t\t<div class=\"elementor-column elementor-col-50 elementor-top-column elementor-element elementor-element-883d96c\" data-id=\"883d96c\" data-element_type=\"column\">\n\t\t\t<div class=\"elementor-widget-wrap elementor-element-populated\">\n\t\t\t\t\t\t\t\t<div class=\"elementor-element elementor-element-8f87216 elementor-widget elementor-widget-image\" data-id=\"8f87216\" data-element_type=\"widget\" data-widget_type=\"image.default\">\n\t\t\t\t<div class=\"elementor-widget-container\">\n\t\t\t\t\t\t\t\t\t\t\t\t\t\t\t<img width=\"300\" height=\"300\" src=\"https:\/\/doucenfance66.fr\/wp-content\/uploads\/2021\/06\/IMG_1380-300x300.jpg\" class=\"elementor-animation-pulse-grow attachment-kids-education-gallery-section-small size-kids-education-gallery-section-small\" alt=\"\" loading=\"lazy\" srcset=\"https:\/\/doucenfance66.fr\/wp-content\/uploads\/2021\/06\/IMG_1380-300x300.jpg 300w, https:\/\/doucenfance66.fr\/wp-content\/uploads\/2021\/06\/IMG_1380-150x150.jpg 150w\" sizes=\"(max-width: 300px) 100vw, 300px\" \/>\t\t\t\t\t\t\t\t\t\t\t\t\t\t\t<\/div>\n\t\t\t\t<\/div>\n\t\t\t\t\t<\/div>\n\t\t<\/div>\n\t\t\t\t\t\t\t<\/div>\n\t\t<\/section>\n\t\t\t\t<section class=\"elementor-section elementor-top-section elementor-element elementor-element-dafa898 elementor-section-boxed elementor-section-height-default elementor-section-height-default\" data-id=\"dafa898\" data-element_type=\"section\">\n\t\t\t\t\t\t<div class=\"elementor-container elementor-column-gap-default\">\n\t\t\t\t\t<div class=\"elementor-column elementor-col-50 elementor-top-column elementor-element elementor-element-9a1e321\" data-id=\"9a1e321\" data-element_type=\"column\">\n\t\t\t<div class=\"elementor-widget-wrap elementor-element-populated\">\n\t\t\t\t\t\t\t\t<div class=\"elementor-element elementor-element-604dbb5 elementor-widget elementor-widget-image\" data-id=\"604dbb5\" data-element_type=\"widget\" data-widget_type=\"image.default\">\n\t\t\t\t<div class=\"elementor-widget-container\">\n\t\t\t\t\t\t\t\t\t\t\t\t\t\t\t<img width=\"300\" height=\"300\" src=\"https:\/\/doucenfance66.fr\/wp-content\/uploads\/2021\/06\/eveil-des-sens-300x300.jpg\" class=\"elementor-animation-pulse-grow attachment-kids-education-gallery-section-small size-kids-education-gallery-section-small\" alt=\"\" loading=\"lazy\" srcset=\"https:\/\/doucenfance66.fr\/wp-content\/uploads\/2021\/06\/eveil-des-sens-300x300.jpg 300w, https:\/\/doucenfance66.fr\/wp-content\/uploads\/2021\/06\/eveil-des-sens-150x150.jpg 150w\" sizes=\"(max-width: 300px) 100vw, 300px\" \/>\t\t\t\t\t\t\t\t\t\t\t\t\t\t\t<\/div>\n\t\t\t\t<\/div>\n\t\t\t\t\t<\/div>\n\t\t<\/div>\n\t\t\t\t<div class=\"elementor-column elementor-col-50 elementor-top-column elementor-element elementor-element-53e90a2\" data-id=\"53e90a2\" data-element_type=\"column\">\n\t\t\t<div class=\"elementor-widget-wrap elementor-element-populated\">\n\t\t\t\t\t\t\t\t<div class=\"elementor-element elementor-element-b39d635 elementor-widget elementor-widget-image\" data-id=\"b39d635\" data-element_type=\"widget\" data-widget_type=\"image.default\">\n\t\t\t\t<div class=\"elementor-widget-container\">\n\t\t\t\t\t\t\t\t\t\t\t\t\t\t\t<img width=\"300\" height=\"300\" src=\"https:\/\/doucenfance66.fr\/wp-content\/uploads\/2021\/06\/thumbnail-11-300x300.jpeg\" class=\"elementor-animation-pulse-grow attachment-kids-education-gallery-section-small size-kids-education-gallery-section-small\" alt=\"\" loading=\"lazy\" srcset=\"https:\/\/doucenfance66.fr\/wp-content\/uploads\/2021\/06\/thumbnail-11-300x300.jpeg 300w, https:\/\/doucenfance66.fr\/wp-content\/uploads\/2021\/06\/thumbnail-11-150x150.jpeg 150w\" sizes=\"(max-width: 300px) 100vw, 300px\" \/>\t\t\t\t\t\t\t\t\t\t\t\t\t\t\t<\/div>\n\t\t\t\t<\/div>\n\t\t\t\t\t<\/div>\n\t\t<\/div>\n\t\t\t\t\t\t\t<\/div>\n\t\t<\/section>\n\t\t\t\t<section class=\"elementor-section elementor-top-section elementor-element elementor-element-0076e4b elementor-section-boxed elementor-section-height-default elementor-section-height-default\" data-id=\"0076e4b\" data-element_type=\"section\">\n\t\t\t\t\t\t<div class=\"elementor-container elementor-column-gap-default\">\n\t\t\t\t\t<div class=\"elementor-column elementor-col-33 elementor-top-column elementor-element elementor-element-10438a6\" data-id=\"10438a6\" data-element_type=\"column\">\n\t\t\t<div class=\"elementor-widget-wrap elementor-element-populated\">\n\t\t\t\t\t\t\t\t<div class=\"elementor-element elementor-element-8b7d418 elementor-widget elementor-widget-image\" data-id=\"8b7d418\" data-element_type=\"widget\" data-widget_type=\"image.default\">\n\t\t\t\t<div class=\"elementor-widget-container\">\n\t\t\t\t\t\t\t\t\t\t\t\t\t\t\t<img width=\"640\" height=\"496\" src=\"https:\/\/doucenfance66.fr\/wp-content\/uploads\/2023\/08\/espace-be\u0301be\u0301-1024x794.jpeg\" class=\"attachment-large size-large\" alt=\"\" loading=\"lazy\" srcset=\"https:\/\/doucenfance66.fr\/wp-content\/uploads\/2023\/08\/espace-be\u0301be\u0301-1024x794.jpeg 1024w, https:\/\/doucenfance66.fr\/wp-content\/uploads\/2023\/08\/espace-be\u0301be\u0301-300x233.jpeg 300w, https:\/\/doucenfance66.fr\/wp-content\/uploads\/2023\/08\/espace-be\u0301be\u0301-768x595.jpeg 768w, https:\/\/doucenfance66.fr\/wp-content\/uploads\/2023\/08\/espace-be\u0301be\u0301.jpeg 1080w\" sizes=\"(max-width: 640px) 100vw, 640px\" \/>\t\t\t\t\t\t\t\t\t\t\t\t\t\t\t<\/div>\n\t\t\t\t<\/div>\n\t\t\t\t\t<\/div>\n\t\t<\/div>\n\t\t\t\t<div class=\"elementor-column elementor-col-33 elementor-top-column elementor-element elementor-element-6ffd8af\" data-id=\"6ffd8af\" data-element_type=\"column\">\n\t\t\t<div class=\"elementor-widget-wrap elementor-element-populated\">\n\t\t\t\t\t\t\t\t<div class=\"elementor-element elementor-element-a1a44bd elementor-widget elementor-widget-image\" data-id=\"a1a44bd\" data-element_type=\"widget\" data-widget_type=\"image.default\">\n\t\t\t\t<div class=\"elementor-widget-container\">\n\t\t\t\t\t\t\t\t\t\t\t\t\t\t\t<img width=\"640\" height=\"526\" src=\"https:\/\/doucenfance66.fr\/wp-content\/uploads\/2023\/08\/IMG_9099-1024x841.jpg\" class=\"attachment-large size-large\" alt=\"\" loading=\"lazy\" srcset=\"https:\/\/doucenfance66.fr\/wp-content\/uploads\/2023\/08\/IMG_9099-1024x841.jpg 1024w, https:\/\/doucenfance66.fr\/wp-content\/uploads\/2023\/08\/IMG_9099-300x246.jpg 300w, https:\/\/doucenfance66.fr\/wp-content\/uploads\/2023\/08\/IMG_9099-768x631.jpg 768w, https:\/\/doucenfance66.fr\/wp-content\/uploads\/2023\/08\/IMG_9099-1536x1261.jpg 1536w, https:\/\/doucenfance66.fr\/wp-content\/uploads\/2023\/08\/IMG_9099-2048x1681.jpg 2048w\" sizes=\"(max-width: 640px) 100vw, 640px\" \/>\t\t\t\t\t\t\t\t\t\t\t\t\t\t\t<\/div>\n\t\t\t\t<\/div>\n\t\t\t\t\t<\/div>\n\t\t<\/div>\n\t\t\t\t<div class=\"elementor-column elementor-col-33 elementor-top-column elementor-element elementor-element-2c2e22a\" data-id=\"2c2e22a\" data-element_type=\"column\">\n\t\t\t<div class=\"elementor-widget-wrap elementor-element-populated\">\n\t\t\t\t\t\t\t\t<div class=\"elementor-element elementor-element-0ea0c08 elementor-widget elementor-widget-image\" data-id=\"0ea0c08\" data-element_type=\"widget\" data-widget_type=\"image.default\">\n\t\t\t\t<div class=\"elementor-widget-container\">\n\t\t\t\t\t\t\t\t\t\t\t\t\t\t\t<img width=\"640\" height=\"446\" src=\"https:\/\/doucenfance66.fr\/wp-content\/uploads\/2023\/08\/IMG_9660-1024x714.jpg\" class=\"attachment-large size-large\" alt=\"\" loading=\"lazy\" srcset=\"https:\/\/doucenfance66.fr\/wp-content\/uploads\/2023\/08\/IMG_9660-1024x714.jpg 1024w, https:\/\/doucenfance66.fr\/wp-content\/uploads\/2023\/08\/IMG_9660-300x209.jpg 300w, https:\/\/doucenfance66.fr\/wp-content\/uploads\/2023\/08\/IMG_9660-768x535.jpg 768w, https:\/\/doucenfance66.fr\/wp-content\/uploads\/2023\/08\/IMG_9660-1536x1071.jpg 1536w, https:\/\/doucenfance66.fr\/wp-content\/uploads\/2023\/08\/IMG_9660-2048x1428.jpg 2048w\" sizes=\"(max-width: 640px) 100vw, 640px\" \/>\t\t\t\t\t\t\t\t\t\t\t\t\t\t\t<\/div>\n\t\t\t\t<\/div>\n\t\t\t\t\t<\/div>\n\t\t<\/div>\n\t\t\t\t\t\t\t<\/div>\n\t\t<\/section>\n\t\t\t\t<section class=\"elementor-section elementor-top-section elementor-element elementor-element-9eed939 elementor-section-boxed elementor-section-height-default elementor-section-height-default\" data-id=\"9eed939\" data-element_type=\"section\">\n\t\t\t\t\t\t<div class=\"elementor-container elementor-column-gap-default\">\n\t\t\t\t\t<div class=\"elementor-column elementor-col-100 elementor-top-column elementor-element elementor-element-6990249\" data-id=\"6990249\" data-element_type=\"column\">\n\t\t\t<div class=\"elementor-widget-wrap\">\n\t\t\t\t\t\t\t\t\t<\/div>\n\t\t<\/div>\n\t\t\t\t\t\t\t<\/div>\n\t\t<\/section>\n\t\t\t\t\t\t<\/div>\n\t\t\t\t\t<\/div>\n\t\t","protected":false},"excerpt":{"rendered":"<p>Activit\u00e9 motricit\u00e9 fine Activit\u00e9 \u00e9veil musical Panel d&rsquo;activit\u00e9s : Lecture, peintures, sortie, \u00e9veil des sens&#8230;<\/p>\n","protected":false},"author":1,"featured_media":0,"parent":0,"menu_order":0,"comment_status":"closed","ping_status":"closed","template":"","meta":[],"yoast_head":"<!-- This site is optimized with the Yoast SEO plugin v16.5 - https:\/\/yoast.com\/wordpress\/plugins\/seo\/ -->\n<title>Photos - Douc&#039;Enfance 66<\/title>\n<meta name=\"robots\" content=\"index, follow, max-snippet:-1, max-image-preview:large, max-video-preview:-1\" \/>\n<link rel=\"canonical\" href=\"https:\/\/doucenfance66.fr\/?page_id=121\" \/>\n<meta property=\"og:locale\" content=\"fr_FR\" \/>\n<meta property=\"og:type\" content=\"article\" \/>\n<meta property=\"og:title\" content=\"Photos - Douc&#039;Enfance 66\" \/>\n<meta property=\"og:description\" content=\"Activit\u00e9 motricit\u00e9 fine Activit\u00e9 \u00e9veil musical Panel d&rsquo;activit\u00e9s : Lecture, peintures, sortie, \u00e9veil des sens&#8230;\" \/>\n<meta property=\"og:url\" content=\"https:\/\/doucenfance66.fr\/?page_id=121\" \/>\n<meta property=\"og:site_name\" content=\"Douc&#039;Enfance 66\" \/>\n<meta property=\"article:publisher\" content=\"https:\/\/www.facebook.com\/profile.php?id=100057252527513\" \/>\n<meta property=\"article:modified_time\" content=\"2025-05-16T00:07:58+00:00\" \/>\n<meta property=\"og:image\" content=\"https:\/\/doucenfance66.fr\/wp-content\/uploads\/2021\/06\/bonjour-langage-des-signes-300x300.jpg\" \/>\n<meta name=\"twitter:card\" content=\"summary_large_image\" \/>\n<meta name=\"twitter:label1\" content=\"Dur\u00e9e de lecture est.\" \/>\n\t<meta name=\"twitter:data1\" content=\"3 minutes\" \/>\n<script type=\"application\/ld+json\" class=\"yoast-schema-graph\">{\"@context\":\"https:\/\/schema.org\",\"@graph\":[{\"@type\":\"WebSite\",\"@id\":\"https:\/\/doucenfance66.fr\/#website\",\"url\":\"https:\/\/doucenfance66.fr\/\",\"name\":\"Douc&#039;Enfance 66\",\"description\":\"\",\"potentialAction\":[{\"@type\":\"SearchAction\",\"target\":\"https:\/\/doucenfance66.fr\/?s={search_term_string}\",\"query-input\":\"required name=search_term_string\"}],\"inLanguage\":\"fr-FR\"},{\"@type\":\"ImageObject\",\"@id\":\"https:\/\/doucenfance66.fr\/?page_id=121#primaryimage\",\"inLanguage\":\"fr-FR\",\"url\":\"https:\/\/doucenfance66.fr\/wp-content\/uploads\/2021\/06\/bonjour-langage-des-signes.jpg\",\"contentUrl\":\"https:\/\/doucenfance66.fr\/wp-content\/uploads\/2021\/06\/bonjour-langage-des-signes.jpg\",\"width\":480,\"height\":360},{\"@type\":\"WebPage\",\"@id\":\"https:\/\/doucenfance66.fr\/?page_id=121#webpage\",\"url\":\"https:\/\/doucenfance66.fr\/?page_id=121\",\"name\":\"Photos - Douc&#039;Enfance 66\",\"isPartOf\":{\"@id\":\"https:\/\/doucenfance66.fr\/#website\"},\"primaryImageOfPage\":{\"@id\":\"https:\/\/doucenfance66.fr\/?page_id=121#primaryimage\"},\"datePublished\":\"2020-04-17T15:59:41+00:00\",\"dateModified\":\"2025-05-16T00:07:58+00:00\",\"breadcrumb\":{\"@id\":\"https:\/\/doucenfance66.fr\/?page_id=121#breadcrumb\"},\"inLanguage\":\"fr-FR\",\"potentialAction\":[{\"@type\":\"ReadAction\",\"target\":[\"https:\/\/doucenfance66.fr\/?page_id=121\"]}]},{\"@type\":\"BreadcrumbList\",\"@id\":\"https:\/\/doucenfance66.fr\/?page_id=121#breadcrumb\",\"itemListElement\":[{\"@type\":\"ListItem\",\"position\":1,\"name\":\"Accueil\",\"item\":\"https:\/\/doucenfance66.fr\/\"},{\"@type\":\"ListItem\",\"position\":2,\"name\":\"Photos\"}]}]}<\/script>\n<!-- \/ Yoast SEO plugin. -->","_links":{"self":[{"href":"https:\/\/doucenfance66.fr\/index.php?rest_route=\/wp\/v2\/pages\/121"}],"collection":[{"href":"https:\/\/doucenfance66.fr\/index.php?rest_route=\/wp\/v2\/pages"}],"about":[{"href":"https:\/\/doucenfance66.fr\/index.php?rest_route=\/wp\/v2\/types\/page"}],"author":[{"embeddable":true,"href":"https:\/\/doucenfance66.fr\/index.php?rest_route=\/wp\/v2\/users\/1"}],"replies":[{"embeddable":true,"href":"https:\/\/doucenfance66.fr\/index.php?rest_route=%2Fwp%2Fv2%2Fcomments&post=121"}],"version-history":[{"count":25,"href":"https:\/\/doucenfance66.fr\/index.php?rest_route=\/wp\/v2\/pages\/121\/revisions"}],"predecessor-version":[{"id":819,"href":"https:\/\/doucenfance66.fr\/index.php?rest_route=\/wp\/v2\/pages\/121\/revisions\/819"}],"wp:attachment":[{"href":"https:\/\/doucenfance66.fr\/index.php?rest_route=%2Fwp%2Fv2%2Fmedia&parent=121"}],"curies":[{"name":"wp","href":"https:\/\/api.w.org\/{rel}","templated":true}]}}